{"id":784,"date":"2025-07-04T10:32:50","date_gmt":"2025-07-04T10:32:50","guid":{"rendered":"https:\/\/webhotelsoversigt.dk\/blog\/?page_id=784"},"modified":"2025-07-04T10:32:50","modified_gmt":"2025-07-04T10:32:50","slug":"reklamer-hos-webhotelsoversigt-dk","status":"publish","type":"page","link":"https:\/\/webhotelsoversigt.dk\/blog\/reklamer-hos-webhotelsoversigt-dk\/","title":{"rendered":"Reklamer hos webhotelsoversigt.dk"},"content":{"rendered":"\n<p><strong>Webhotelsoversigt.dk er en kommerciel tjeneste, der formidler kontakt mellem brugere og udvalgte hostingudbydere.<\/strong><br>Vi s\u00e6lger ikke selv webhoteller, men anmelder og sammenligner hostingl\u00f8sninger p\u00e5 baggrund af faktiske, m\u00e5lbare og sammenlignelige data.<\/p>\n\n\n\n<p>De fleste udbydere, der optr\u00e6der i vores sammenligninger, er samarbejdspartnere, og vi modtager i mange tilf\u00e6lde en annonceindt\u00e6gt, hvis du klikker p\u00e5 et link og efterf\u00f8lgende foretager et k\u00f8b. Dette p\u00e5virker ikke prisen for dig som bruger.<\/p>\n\n\n\n<p>Det er vigtigt at bem\u00e6rke, at <strong>Webhotelsoversigt.dk ikke n\u00f8dvendigvis d\u00e6kker alle hostingudbydere p\u00e5 markedet<\/strong>, da ikke alle \u00f8nsker eller tilbydes samarbejde. Derfor kan vi heller ikke garantere, at du finder det absolut billigste produkt gennem vores tjeneste \u2013 men vi tilstr\u00e6ber at give dig et retvisende og brugbart overblik.<\/p>\n","protected":false},"excerpt":{"rendered":"<p>Webhotelsoversigt.dk er en kommerciel tjeneste, der formidler kontakt mellem brugere og udvalgte hostingudbydere.Vi s\u00e6lger ikke selv webhoteller, men anmelder og sammenligner hostingl\u00f8sninger p\u00e5 baggrund af faktiske, m\u00e5lbare og sammenlignelige data. De fleste udbydere, der optr\u00e6der i vores sammenligninger, er samarbejdspartnere, og vi modtager i mange tilf\u00e6lde en annonceindt\u00e6gt, hvis du klikker p\u00e5 et link og [&hellip;]<\/p>\n","protected":false},"author":1,"featured_media":0,"parent":0,"menu_order":0,"comment_status":"closed","ping_status":"closed","template":"","meta":{"footnotes":""},"class_list":["post-784","page","type-page","status-publish","hentry"],"yoast_head":"<!-- This site is optimized with the Yoast SEO plugin v20.3 - https:\/\/yoast.com\/wordpress\/plugins\/seo\/ -->\n<title>Reklamer hos webhotelsoversigt.dk - Webhotelsoversigts bloggen<\/title>\n<meta name=\"robots\" content=\"index, follow, max-snippet:-1, max-image-preview:large, max-video-preview:-1\" \/>\n<link rel=\"canonical\" href=\"https:\/\/webhotelsoversigt.dk\/blog\/reklamer-hos-webhotelsoversigt-dk\/\" \/>\n<meta property=\"og:locale\" content=\"da_DK\" \/>\n<meta property=\"og:type\" content=\"article\" \/>\n<meta property=\"og:title\" content=\"Reklamer hos webhotelsoversigt.dk - Webhotelsoversigts bloggen\" \/>\n<meta property=\"og:description\" content=\"Webhotelsoversigt.dk er en kommerciel tjeneste, der formidler kontakt mellem brugere og udvalgte hostingudbydere.Vi s\u00e6lger ikke selv webhoteller, men anmelder og sammenligner hostingl\u00f8sninger p\u00e5 baggrund af faktiske, m\u00e5lbare og sammenlignelige data. De fleste udbydere, der optr\u00e6der i vores sammenligninger, er samarbejdspartnere, og vi modtager i mange tilf\u00e6lde en annonceindt\u00e6gt, hvis du klikker p\u00e5 et link og [&hellip;]\" \/>\n<meta property=\"og:url\" content=\"https:\/\/webhotelsoversigt.dk\/blog\/reklamer-hos-webhotelsoversigt-dk\/\" \/>\n<meta property=\"og:site_name\" content=\"Webhotelsoversigts bloggen\" \/>\n<meta name=\"twitter:label1\" content=\"Estimeret l\u00e6setid\" \/>\n\t<meta name=\"twitter:data1\" content=\"1 minut\" \/>\n<!-- \/ Yoast SEO plugin. -->","yoast_head_json":{"title":"Reklamer hos webhotelsoversigt.dk - Webhotelsoversigts bloggen","robots":{"index":"index","follow":"follow","max-snippet":"max-snippet:-1","max-image-preview":"max-image-preview:large","max-video-preview":"max-video-preview:-1"},"canonical":"https:\/\/webhotelsoversigt.dk\/blog\/reklamer-hos-webhotelsoversigt-dk\/","og_locale":"da_DK","og_type":"article","og_title":"Reklamer hos webhotelsoversigt.dk - Webhotelsoversigts bloggen","og_description":"Webhotelsoversigt.dk er en kommerciel tjeneste, der formidler kontakt mellem brugere og udvalgte hostingudbydere.Vi s\u00e6lger ikke selv webhoteller, men anmelder og sammenligner hostingl\u00f8sninger p\u00e5 baggrund af faktiske, m\u00e5lbare og sammenlignelige data. De fleste udbydere, der optr\u00e6der i vores sammenligninger, er samarbejdspartnere, og vi modtager i mange tilf\u00e6lde en annonceindt\u00e6gt, hvis du klikker p\u00e5 et link og [&hellip;]","og_url":"https:\/\/webhotelsoversigt.dk\/blog\/reklamer-hos-webhotelsoversigt-dk\/","og_site_name":"Webhotelsoversigts bloggen","twitter_misc":{"Estimeret l\u00e6setid":"1 minut"},"schema":{"@context":"https:\/\/schema.org","@graph":[{"@type":"WebPage","@id":"https:\/\/webhotelsoversigt.dk\/blog\/reklamer-hos-webhotelsoversigt-dk\/","url":"https:\/\/webhotelsoversigt.dk\/blog\/reklamer-hos-webhotelsoversigt-dk\/","name":"Reklamer hos webhotelsoversigt.dk - Webhotelsoversigts bloggen","isPartOf":{"@id":"https:\/\/webhotelsoversigt.dk\/blog\/#website"},"datePublished":"2025-07-04T10:32:50+00:00","dateModified":"2025-07-04T10:32:50+00:00","inLanguage":"da-DK","potentialAction":[{"@type":"ReadAction","target":["https:\/\/webhotelsoversigt.dk\/blog\/reklamer-hos-webhotelsoversigt-dk\/"]}]},{"@type":"WebSite","@id":"https:\/\/webhotelsoversigt.dk\/blog\/#website","url":"https:\/\/webhotelsoversigt.dk\/blog\/","name":"Webhotelsoversigts bloggen","description":"","potentialAction":[{"@type":"SearchAction","target":{"@type":"EntryPoint","urlTemplate":"https:\/\/webhotelsoversigt.dk\/blog\/?s={search_term_string}"},"query-input":"required name=search_term_string"}],"inLanguage":"da-DK"}]}},"_links":{"self":[{"href":"https:\/\/webhotelsoversigt.dk\/blog\/wp-json\/wp\/v2\/pages\/784","targetHints":{"allow":["GET"]}}],"collection":[{"href":"https:\/\/webhotelsoversigt.dk\/blog\/wp-json\/wp\/v2\/pages"}],"about":[{"href":"https:\/\/webhotelsoversigt.dk\/blog\/wp-json\/wp\/v2\/types\/page"}],"author":[{"embeddable":true,"href":"https:\/\/webhotelsoversigt.dk\/blog\/wp-json\/wp\/v2\/users\/1"}],"replies":[{"embeddable":true,"href":"https:\/\/webhotelsoversigt.dk\/blog\/wp-json\/wp\/v2\/comments?post=784"}],"version-history":[{"count":1,"href":"https:\/\/webhotelsoversigt.dk\/blog\/wp-json\/wp\/v2\/pages\/784\/revisions"}],"predecessor-version":[{"id":786,"href":"https:\/\/webhotelsoversigt.dk\/blog\/wp-json\/wp\/v2\/pages\/784\/revisions\/786"}],"wp:attachment":[{"href":"https:\/\/webhotelsoversigt.dk\/blog\/wp-json\/wp\/v2\/media?parent=784"}],"curies":[{"name":"wp","href":"https:\/\/api.w.org\/{rel}","templated":true}]}}